{"id":308,"date":"2021-09-09T10:19:36","date_gmt":"2021-09-09T10:19:36","guid":{"rendered":"https:\/\/bonosvalencia.atic.green\/?page_id=308"},"modified":"2025-11-13T12:50:10","modified_gmt":"2025-11-13T11:50:10","slug":"imformacio-per-als-clients","status":"publish","type":"page","link":"https:\/\/bonocomercioribarroja.com\/va\/imformacio-per-als-clients\/","title":{"rendered":"Informaci\u00f3 per als clients"},"content":{"rendered":"<p>[vc_row][vc_column][vc_column_text]<\/p>\n<h1>M\u00c9S IMFORMACI\u00d3 PER ALS CLIENTS<\/h1>\n<p>[\/vc_column_text][\/vc_column][\/vc_row][vc_row el_class=&#8221;textos_pdf&#8221;][vc_column][vc_column_text]<strong>QU\u00c9 SON LOS BONO COMERCIO RIBA-ROJA<\/strong><\/p>\n<p>El Ayuntamiento de Riba-Roja de T\u00faria al objeto de dinamizar la actividad econ\u00f3mica del municipio y apoyar la competitividad de los peque\u00f1os establecimientos tras los sucesivos acontecimientos sociales y econ\u00f3micos, que han causado una reducci\u00f3n considerable del consumo, considera conveniente realizar una serie de actuaciones destinadas a impulsar el comercio local y reactivar la actividad econ\u00f3mica, entre las que cabe destacar la Campa\u00f1a promocional BONO COMERCIO RIBA-ROJA por la que se pone a disposici\u00f3n de los consumidores 2.000 BONO COMERCIO RIBA-ROJA, con un saldo de 100 \u20ac. Los objetivos y finalidades de la actuaci\u00f3n son los siguientes:<\/p>\n<ul>\n<li>Promocionar el comercio local.<\/li>\n<li>Dinamizaci\u00f3n del tejido comercial.<\/li>\n<li>Incentivar e impulsar las compras en los comercios adheridos a la Campa\u00f1a BONO COMERCIO RIBA-ROJA.<\/li>\n<li>Ayudar a las familias de Riba-roja en los gastos que ocasiona la Navidad.<\/li>\n<\/ul>\n<p>El \u00e1mbito de desarrollo de esta campa\u00f1a es el t\u00e9rmino municipal de Riba-Roja de T\u00faria. Por tanto, podr\u00e1n adherirse a la campa\u00f1a todos los establecimientos que, cumpliendo las condiciones de participaci\u00f3n contenidas en las presentes bases, se encuentren ubicados en el t\u00e9rmino municipal de Riba-Roja de T\u00faria.<\/p>\n<p><strong>\u00a0<\/strong><\/p>\n<p><strong>D\u00d3NDE ADQUIRIR EL BONO COMERCIO RIBA-ROJA<\/strong><\/p>\n<p>El BONO COMERCIO RIBA-ROJA, con un valor de 100 \u20ac, se podr\u00e1 adquirir a trav\u00e9s de esta p\u00e1gina web, pinchando en COMPRA TU BONO. Cualquier consumidor mayor de 18 a\u00f1os podr\u00e1 obtener, asociado a un DNI\/NIE, que s\u00f3lo podr\u00e1 ser vinculado a una direcci\u00f3n de mail, un m\u00e1ximo de un bono para las compras en los locales de negocio adheridos a la Campa\u00f1a, de los cuales el 50% del bono lo aportar\u00e1 el cliente siendo el 50% restante aportaci\u00f3n directa del Ayuntamiento de Riba-Roja de T\u00faria.<\/p>\n<p>Para obtener el bono, el solicitante acceder\u00e1 al espacio habilitado para ello en la web de la campa\u00f1a y abonar\u00e1 mediante tarjeta bancaria, a trav\u00e9s de la pasarela de pago, la mitad del precio del bono deseado (50 \u20ac). Realizada de forma correcta la compra, el bono se podr\u00e1 recoger en las Instalaciones de la Agencia de Desarrollo Local (ADL) de Riba-Roja de T\u00faria ubicada en la Calle Eusebio Benedito, 30 entre los d\u00edas 24 y 27 de noviembre de 2025, de lunes a jueves de 09:00h a 14:00h y de 16:00h a 19:30h. Ser\u00e1 necesaria la presentaci\u00f3n del original del DNI.<\/p>\n<p>El consumidor que desee recoger BONO COMERCIO RIBA-ROJA de otra persona, deber\u00e1 presentar una autorizaci\u00f3n firmada y fotocopia del DNI del titular del BONO en el momento de la recogida.<\/p>\n<p><strong>\u00a0<\/strong><\/p>\n<p><strong>CU\u00c1NDO ADQUIRIR EL BONO COMERCIO RIBA-ROJA<\/strong><\/p>\n<p>La venta de los bonos para la compra en los comercios participantes en la campa\u00f1a ser\u00e1 el <strong>17 de noviembre a las 20h.,<\/strong> y, en cualquier caso, hasta fin de existencias seg\u00fan disponibilidad presupuestaria.<\/p>\n<p>El acceso a los bonos se determinar\u00e1 por orden de petici\u00f3n y se conceder\u00e1n a todas las personas cuyas solicitudes re\u00fanan los requisitos establecidos en las Bases, sin que en ning\u00fan caso se supere el cr\u00e9dito autorizado en la convocatoria.<\/p>\n<p><strong>\u00a0<\/strong><\/p>\n<p><strong>C\u00d3MO ADQUIRIR LOS BONO COMERCIO RIBA-ROJA<\/strong><\/p>\n<p>El usuario deber\u00e1 introducir los datos personales solicitados en la adquisici\u00f3n de los BONO COMERCIO RIBA-ROJA. A continuaci\u00f3n, recibir\u00e1 en su correo electr\u00f3nico un c\u00f3digo de autentificaci\u00f3n vinculado a su DNI\/NIE, de forma que el Bono estar\u00e1 vinculado a dichos datos personales.<\/p>\n<p>Una vez creado el usuario, \u00e9ste podr\u00e1 descargarse un m\u00e1ximo de 1 bono de 100,00 \u20ac, hasta fin existencias, ascendiendo a un m\u00e1ximo de 100,00 \u20ac de subvenci\u00f3n, que podr\u00e1n ser canjeados en la compra de bienes y\/o servicios en los establecimientos adheridos.<\/p>\n<p>&nbsp;<\/p>\n<p><strong>MAYORES 65 A\u00d1OS<\/strong><\/p>\n<p>Se reservar\u00e1 un cupo de 150 BONO COMERCIO RIBA-ROJA para su adquisici\u00f3n por las personas mayores de 65 a\u00f1os, quienes podr\u00e1n acudir f\u00edsicamente, hasta fin de existencias, entre el 18 y el 21 de noviembre de 2025 a la Oficina ADL de Riba-roja ubicada en la Calle Eusebio Benedito 30, en horario de 9 a 14 horas. En este caso, deber\u00e1n presentar tanto el DNI original como aportar una fotocopia de su DNI y la compra del bono no podr\u00e1 ser realizada por una tercera persona. No se admitir\u00e1n pagos en efectivo.<\/p>\n<p><strong>\u00a0<\/strong><\/p>\n<p><strong>C\u00d3MO\u00a0 CANJEAR EL BONO COMERCIO RIBA-ROJA<\/strong><\/p>\n<p>El BONO COMERCIO RIBA-ROJA, podr\u00e1 ser utilizado desde el momento en que sea recogido por la persona colaboradora hasta el 31 de diciembre, fecha en la que finaliza la campa\u00f1a promocional.<\/p>\n<p>El usuario que realice una compra en el comercio\u00a0 presentar\u00e1 su bono por valor de 100,00 \u20ac para su canje. El establecimiento pasar\u00e1 el bono en formato de tarjeta bancaria prepago por el datafono. Si el importe de la compra en el establecimiento excediera del importe del bono adquirido, el cliente deber\u00e1 abonar el exceso mediante cualquier m\u00e9todo de pago admitido en el establecimiento.<\/p>\n<p>La utilizaci\u00f3n del bono ser\u00e1 compatible con cualquier tipo de descuento, oferta o rebaja disponible en el establecimiento comercial para el producto que se desea adquirir.<\/p>\n<p>Los productos que se adquieran a trav\u00e9s del BONO podr\u00e1n ser cambiados, si el establecimiento lo autoriza, por un producto de precio igual o superior (abonando la diferencia el\/la cliente\/a), pero en ning\u00fan caso se podr\u00e1 solicitar la devoluci\u00f3n del dinero. El comercio mostrar\u00e1 en lugar visible y accesible para el p\u00fablico, las condiciones de compra del BONO COMERCIO RIBA-ROJA.<\/p>\n<p>El BONO es de uso exclusivo para compra en los establecimientos adheridos y no permitir\u00e1 la retirada de efectivo. Se podr\u00e1 utilizar parcialmente el saldo de las tarjetas en varias compras, por lo que el usuario podr\u00e1 consultar de forma gratuita el saldo en la web \u00a0<a href=\"https:\/\/www.tutarjetaregalo.com\/\">https:\/\/www.tutarjetaregalo.com<\/a>. No tendr\u00e1 coste adicional alguno.<\/p>\n<p>En ning\u00fan caso la renuncia de la persona compradora del BONO COMERCIO RIBA-ROJA ser\u00e1 causa para proceder a la devoluci\u00f3n del importe de compra de mismo (50\u20ac\/bono) por parte de C\u00e1mara Val\u00e8ncia.<\/p>\n<p>&nbsp;<\/p>\n<p><strong>HASTA CUANDO CANJEAR EL BONO COMERCIO RIBA-ROJA<\/strong><\/p>\n<p>El BONO COMERCIO RIBA-ROJA, podr\u00e1 ser utilizado para cualquier compra en los comercios adheridos.<\/p>\n<p>La cantidad no canjeada en la tarjeta una vez pasado el 31 de diciembre de 2025, plazo de vigencia de la campa\u00f1a promocional BONO COMERCIO RIBA-ROJA, ya no podr\u00e1 ser utilizado por la persona titular del bono comercio.<\/p>\n<p>El importe de los bonos adquiridos y no canjeados por las personas compradoras dentro del plazo establecido para ello, se destinar\u00e1 a la dinamizaci\u00f3n del comercio de Riba-Roja de T\u00faria.[\/vc_column_text][\/vc_column][\/vc_row]<\/p>\n","protected":false},"excerpt":{"rendered":"<p>[vc_row][vc_column][vc_column_text] M\u00c9S IMFORMACI\u00d3 PER ALS CLIENTS [\/vc_column_text][\/vc_column][\/vc_row][vc_row el_class=&#8221;textos_pdf&#8221;][vc_column][vc_column_text]QU\u00c9 SON LOS BONO COMERCIO RIBA-ROJA El Ayuntamiento de Riba-Roja de T\u00faria al objeto de dinamizar la actividad econ\u00f3mica del municipio y apoyar la competitividad de los peque\u00f1os establecimientos tras los sucesivos acontecimientos sociales y econ\u00f3micos, que han causado una reducci\u00f3n considerable del consumo, considera conveniente realizar una [&hellip;]<\/p>\n","protected":false},"author":5,"featured_media":0,"parent":0,"menu_order":0,"comment_status":"closed","ping_status":"closed","template":"","meta":{"footnotes":""},"class_list":["post-308","page","type-page","status-publish","hentry"],"yoast_head":"<!-- This site is optimized with the Yoast SEO plugin v26.4 - https:\/\/yoast.com\/wordpress\/plugins\/seo\/ -->\n<title>Informaci\u00f3 per als clients - Bo Comer\u00e7 ValenciaBo Comer\u00e7 Valencia<\/title>\n<meta name=\"robots\" content=\"index, follow, max-snippet:-1, max-image-preview:large, max-video-preview:-1\" \/>\n<link rel=\"canonical\" href=\"https:\/\/bonocomercioribarroja.com\/informacion-para-los-clientes\/\" \/>\n<meta property=\"og:locale\" content=\"en_US\" \/>\n<meta property=\"og:type\" content=\"article\" \/>\n<meta property=\"og:title\" content=\"Informaci\u00f3 per als clients - Bo Comer\u00e7 ValenciaBo Comer\u00e7 Valencia\" \/>\n<meta property=\"og:description\" content=\"[vc_row][vc_column][vc_column_text] M\u00c9S IMFORMACI\u00d3 PER ALS CLIENTS [\/vc_column_text][\/vc_column][\/vc_row][vc_row el_class=&#8221;textos_pdf&#8221;][vc_column][vc_column_text]QU\u00c9 SON LOS BONO COMERCIO RIBA-ROJA El Ayuntamiento de Riba-Roja de T\u00faria al objeto de dinamizar la actividad econ\u00f3mica del municipio y apoyar la competitividad de los peque\u00f1os establecimientos tras los sucesivos acontecimientos sociales y econ\u00f3micos, que han causado una reducci\u00f3n considerable del consumo, considera conveniente realizar una [&hellip;]\" \/>\n<meta property=\"og:url\" content=\"https:\/\/bonocomercioribarroja.com\/informacion-para-los-clientes\/\" \/>\n<meta property=\"og:site_name\" content=\"Bo Comer\u00e7 ValenciaBo Comer\u00e7 Valencia\" \/>\n<meta property=\"article:modified_time\" content=\"2025-11-13T11:50:10+00:00\" \/>\n<meta name=\"twitter:card\" content=\"summary_large_image\" \/>\n<meta name=\"twitter:label1\" content=\"Est. reading time\" \/>\n\t<meta name=\"twitter:data1\" content=\"5 minutes\" \/>\n<script type=\"application\/ld+json\" class=\"yoast-schema-graph\">{\"@context\":\"https:\/\/schema.org\",\"@graph\":[{\"@type\":\"WebPage\",\"@id\":\"https:\/\/bonocomercioribarroja.com\/informacion-para-los-clientes\/\",\"url\":\"https:\/\/bonocomercioribarroja.com\/informacion-para-los-clientes\/\",\"name\":\"Informaci\u00f3 per als clients - Bo Comer\u00e7 ValenciaBo Comer\u00e7 Valencia\",\"isPartOf\":{\"@id\":\"https:\/\/bonocomercioribarroja.com\/#website\"},\"datePublished\":\"2021-09-09T10:19:36+00:00\",\"dateModified\":\"2025-11-13T11:50:10+00:00\",\"breadcrumb\":{\"@id\":\"https:\/\/bonocomercioribarroja.com\/informacion-para-los-clientes\/#breadcrumb\"},\"inLanguage\":\"va\",\"potentialAction\":[{\"@type\":\"ReadAction\",\"target\":[\"https:\/\/bonocomercioribarroja.com\/informacion-para-los-clientes\/\"]}]},{\"@type\":\"BreadcrumbList\",\"@id\":\"https:\/\/bonocomercioribarroja.com\/informacion-para-los-clientes\/#breadcrumb\",\"itemListElement\":[{\"@type\":\"ListItem\",\"position\":1,\"name\":\"Portada\",\"item\":\"https:\/\/bonocomercioribarroja.com\/\"},{\"@type\":\"ListItem\",\"position\":2,\"name\":\"Informaci\u00f3 per als clients\"}]},{\"@type\":\"WebSite\",\"@id\":\"https:\/\/bonocomercioribarroja.com\/#website\",\"url\":\"https:\/\/bonocomercioribarroja.com\/\",\"name\":\"Bo Comer\u00e7 ValenciaBo Comer\u00e7 Valencia\",\"description\":\"Bo Comer\u00e7 Valencia\",\"potentialAction\":[{\"@type\":\"SearchAction\",\"target\":{\"@type\":\"EntryPoint\",\"urlTemplate\":\"https:\/\/bonocomercioribarroja.com\/?s={search_term_string}\"},\"query-input\":{\"@type\":\"PropertyValueSpecification\",\"valueRequired\":true,\"valueName\":\"search_term_string\"}}],\"inLanguage\":\"va\"}]}<\/script>\n<!-- \/ Yoast SEO plugin. -->","yoast_head_json":{"title":"Informaci\u00f3 per als clients - Bo Comer\u00e7 ValenciaBo Comer\u00e7 Valencia","robots":{"index":"index","follow":"follow","max-snippet":"max-snippet:-1","max-image-preview":"max-image-preview:large","max-video-preview":"max-video-preview:-1"},"canonical":"https:\/\/bonocomercioribarroja.com\/informacion-para-los-clientes\/","og_locale":"en_US","og_type":"article","og_title":"Informaci\u00f3 per als clients - Bo Comer\u00e7 ValenciaBo Comer\u00e7 Valencia","og_description":"[vc_row][vc_column][vc_column_text] M\u00c9S IMFORMACI\u00d3 PER ALS CLIENTS [\/vc_column_text][\/vc_column][\/vc_row][vc_row el_class=&#8221;textos_pdf&#8221;][vc_column][vc_column_text]QU\u00c9 SON LOS BONO COMERCIO RIBA-ROJA El Ayuntamiento de Riba-Roja de T\u00faria al objeto de dinamizar la actividad econ\u00f3mica del municipio y apoyar la competitividad de los peque\u00f1os establecimientos tras los sucesivos acontecimientos sociales y econ\u00f3micos, que han causado una reducci\u00f3n considerable del consumo, considera conveniente realizar una [&hellip;]","og_url":"https:\/\/bonocomercioribarroja.com\/informacion-para-los-clientes\/","og_site_name":"Bo Comer\u00e7 ValenciaBo Comer\u00e7 Valencia","article_modified_time":"2025-11-13T11:50:10+00:00","twitter_card":"summary_large_image","twitter_misc":{"Est. reading time":"5 minutes"},"schema":{"@context":"https:\/\/schema.org","@graph":[{"@type":"WebPage","@id":"https:\/\/bonocomercioribarroja.com\/informacion-para-los-clientes\/","url":"https:\/\/bonocomercioribarroja.com\/informacion-para-los-clientes\/","name":"Informaci\u00f3 per als clients - Bo Comer\u00e7 ValenciaBo Comer\u00e7 Valencia","isPartOf":{"@id":"https:\/\/bonocomercioribarroja.com\/#website"},"datePublished":"2021-09-09T10:19:36+00:00","dateModified":"2025-11-13T11:50:10+00:00","breadcrumb":{"@id":"https:\/\/bonocomercioribarroja.com\/informacion-para-los-clientes\/#breadcrumb"},"inLanguage":"va","potentialAction":[{"@type":"ReadAction","target":["https:\/\/bonocomercioribarroja.com\/informacion-para-los-clientes\/"]}]},{"@type":"BreadcrumbList","@id":"https:\/\/bonocomercioribarroja.com\/informacion-para-los-clientes\/#breadcrumb","itemListElement":[{"@type":"ListItem","position":1,"name":"Portada","item":"https:\/\/bonocomercioribarroja.com\/"},{"@type":"ListItem","position":2,"name":"Informaci\u00f3 per als clients"}]},{"@type":"WebSite","@id":"https:\/\/bonocomercioribarroja.com\/#website","url":"https:\/\/bonocomercioribarroja.com\/","name":"Bo Comer\u00e7 ValenciaBo Comer\u00e7 Valencia","description":"Bo Comer\u00e7 Valencia","potentialAction":[{"@type":"SearchAction","target":{"@type":"EntryPoint","urlTemplate":"https:\/\/bonocomercioribarroja.com\/?s={search_term_string}"},"query-input":{"@type":"PropertyValueSpecification","valueRequired":true,"valueName":"search_term_string"}}],"inLanguage":"va"}]}},"_links":{"self":[{"href":"https:\/\/bonocomercioribarroja.com\/va\/wp-json\/wp\/v2\/pages\/308","targetHints":{"allow":["GET"]}}],"collection":[{"href":"https:\/\/bonocomercioribarroja.com\/va\/wp-json\/wp\/v2\/pages"}],"about":[{"href":"https:\/\/bonocomercioribarroja.com\/va\/wp-json\/wp\/v2\/types\/page"}],"author":[{"embeddable":true,"href":"https:\/\/bonocomercioribarroja.com\/va\/wp-json\/wp\/v2\/users\/5"}],"replies":[{"embeddable":true,"href":"https:\/\/bonocomercioribarroja.com\/va\/wp-json\/wp\/v2\/comments?post=308"}],"version-history":[{"count":27,"href":"https:\/\/bonocomercioribarroja.com\/va\/wp-json\/wp\/v2\/pages\/308\/revisions"}],"predecessor-version":[{"id":1526,"href":"https:\/\/bonocomercioribarroja.com\/va\/wp-json\/wp\/v2\/pages\/308\/revisions\/1526"}],"wp:attachment":[{"href":"https:\/\/bonocomercioribarroja.com\/va\/wp-json\/wp\/v2\/media?parent=308"}],"curies":[{"name":"wp","href":"https:\/\/api.w.org\/{rel}","templated":true}]}}